{"id":1041,"date":"2016-10-24T07:26:52","date_gmt":"2016-10-24T07:26:52","guid":{"rendered":"http:\/\/demo.oceanthemes.net\/archi\/version-light\/?page_id=1041"},"modified":"2026-02-22T15:47:56","modified_gmt":"2026-02-22T15:47:56","slug":"despre","status":"publish","type":"page","link":"https:\/\/training.binario.ro\/index.php\/despre\/","title":{"rendered":"Despre Andreea"},"content":{"rendered":"<div class=\"wpb-content-wrapper\"><p>[vc_row fullwidth=&#8221;yes&#8221;][vc_column]\t<!-- Element: OT Home Moving Background -->\n\t<div class=\"de-video-container full-height no-padding\">\n\t\t<div class=\"de-video-content\">\n\t\t\t<div class=\"text-center\">\n\n\t\t    \t\t\t\t        <div class=\"teaser-text\"  >\n\t\t\t            Ghid & Coach <b> pentru reconectare <\/b> cu sine\t\t\t        <\/div>\n\t\t\t        <div class=\"spacer-single\"><\/div>\n\t\t        \t\n\n\t\t        <div class=\"text-slider style-2 border-deco\">\n\t\t            \t\t\t\t\t \n\t\t\t\t\t\t<div class=\"text-item\"  >Povestea autentic\u0103<\/div>    \n\t\t\t\t\t\t\t\t\t\t \n\t\t\t\t\t\t<div class=\"text-item\"  >Ce am \u00eenv\u0103\u021bat<\/div>    \n\t\t\t\t\t\t\t\t\t\t \n\t\t\t\t\t\t<div class=\"text-item\"  >Cum combin<\/div>    \n\t\t\t\t\t\t\t        <\/div>\n\n\t\t        \t\t        \t<div class=\"spacer-single\"><\/div>\n\t\t        \n\t\t        <a class=\"btn-slider\" href=\"https:\/\/training.binario.ro\/index.php\/contact\/\" title=\"Contacteaz\u0103-m\u0103\" target=\"_self\" >Contacteaz\u0103-m\u0103<\/a>\t\t        \n\t\t    <\/div>\t\n\t\t<\/div>\t\t\t\n\t\t<div class=\"moving-home\" data-time=\"50\" style=\"background-image: url('https:\/\/training.binario.ro\/wp-content\/uploads\/2016\/10\/bg-19.jpg');\"><\/div>\t\t\t\t\n\t<\/div>\n\t\t\t\n[\/vc_column][\/vc_row][vc_row css=&#8221;.vc_custom_1495700887685{padding-top: 90px !important;padding-bottom: 60px !important;}&#8221;][vc_column animate=&#8221;fadeinup&#8221;]\n\t<!-- Element: OT Heading --> \t \n\t<h1 class=\"ot_custom_heading  \" style=\"text-align: center;\" >Andreea Georgescu<\/h1>\t\n\t<!-- Element: OT Line solid --> \t \n\t<div class=\" separator \"><span><i class=\"fa fa-circle\"><\/i><\/span><\/div>\n\t<div class=\"spacer-single\"><\/div>\t      \n[\/vc_column][vc_column width=&#8221;1\/3&#8243; animate=&#8221;fadeinleft&#8221;]\n\t<!-- Element: OT Heading --> \t \n\t<h3 class=\"ot_custom_heading  \" style=\"\" ><b>Povestea <\/b> Autentic\u0103<\/h3>\t\n[vc_column_text css=&#8221;.vc_custom_1771774898915{margin-bottom: 30px !important;}&#8221;]<\/p>\n<p style=\"text-align: center;\" data-start=\"69\" data-end=\"146\"><strong>Povestea mea autentic\u0103 nu \u00eencepe cu titluri sau certific\u0103ri, ci cu \u00eentreb\u0103ri.<\/strong><\/p>\n<p data-start=\"148\" data-end=\"438\">Cu momente \u00een care am sim\u021bit c\u0103, de\u0219i \u201etotul era \u00een regul\u0103\u201d, ceva nu era a\u0219ezat \u00een interiorul meu. Cu perioade de c\u0103utare, de confuzie, de reconstruc\u021bie. Am \u00eenv\u0103\u021bat pe propria piele cum arat\u0103 blocajele, \u00eendoiala, frica de schimbare \u2014 dar \u0219i ce \u00eenseamn\u0103 claritatea, curajul \u0219i transformarea. Pe acest drum am descoperit c\u0103 adev\u0103rata schimbare nu vine doar din a \u00een\u021belege ce ni se \u00eent\u00e2mpl\u0103, ci din a avea curajul s\u0103 ac\u021bion\u0103m diferit. Ast\u0103zi, ca coach, nu vorbesc doar din teorie. Vorbesc din experien\u021b\u0103. Din proces. Din \u00eent\u00e2lnirea real\u0103 cu propriile provoc\u0103ri. Nu ofer re\u021bete universale. Creez spa\u021biul \u00een care fiecare om \u00ee\u0219i poate descoperi propriile r\u0103spunsuri, propria direc\u021bie, propriul ritm. Pentru c\u0103 autenticitatea nu este despre perfec\u021biune. Este despre adev\u0103r, con\u0219tien\u021b\u0103 \u0219i alegeri asumate.<\/p>\n<p>[\/vc_column_text][\/vc_column][vc_column width=&#8221;1\/3&#8243; animate=&#8221;fadeinup&#8221;]\n\t<!-- Element: OT Heading --> \t \n\t<h3 class=\"ot_custom_heading  \" style=\"\" ><b>Ce am <\/b> \u00cenv\u0103\u021bat<\/h3>\t\n[vc_column_text css=&#8221;.vc_custom_1771774841948{margin-bottom: 30px !important;}&#8221;]<\/p>\n<p style=\"text-align: center;\"><strong>Ce am \u00eenv\u0103\u021bat \u0219i cum aplic asta \u00een coaching<\/strong><\/p>\n<p data-start=\"0\" data-end=\"148\">Ce am \u00eenv\u0103\u021bat de-a lungul experien\u021bei mele este c\u0103 oamenii nu au nevoie doar de solu\u021bii \u0219i nici doar de \u00een\u021belegere emo\u021bional\u0103 \u2014 au nevoie de ambele. Am \u00eenv\u0103\u021bat c\u0103 \u00een spatele obiectivelor nerealizate stau adesea emo\u021bii neascultate, frici nenumite sau tipare incon\u0219tiente. Dar am \u00eenv\u0103\u021bat \u0219i c\u0103 simpla con\u0219tientizare nu este suficient\u0103 f\u0103r\u0103 ac\u021biune. \u00cen coaching aplic acest echilibru:<br data-start=\"383\" data-end=\"386\" \/>pornim de la claritate interioar\u0103 \u2014 ce sim\u021bi, ce te opre\u0219te, ce \u00ee\u021bi dore\u0219ti cu adev\u0103rat \u2014 \u0219i continu\u0103m cu structur\u0103 \u0219i direc\u021bie \u2014 obiective definite, pa\u0219i concre\u021bi, planuri de ac\u021biune realiste. Pentru c\u0103 schimbarea durabil\u0103 apare atunci c\u00e2nd \u00een\u021belegerea se transform\u0103 \u00een mi\u0219care. Asta aduc \u00een coaching: profunzime, claritate \u0219i ac\u021biune.<\/p>\n<p>[\/vc_column_text][\/vc_column][vc_column width=&#8221;1\/3&#8243; animate=&#8221;fadinright&#8221;]\n\t<!-- Element: OT Heading --> \t \n\t<h3 class=\"ot_custom_heading  \" style=\"\" ><b>Cum<\/b> Combin<\/h3>\t\n[vc_column_text css=&#8221;.vc_custom_1771774772982{margin-bottom: 30px !important;}&#8221;]<\/p>\n<p style=\"text-align: center;\"><strong>Cum combin profunzimea emo\u021bional\u0103 cu pa\u0219i concre\u021bi \u0219i planuri de ac\u021biune<\/strong><\/p>\n<p data-start=\"0\" data-end=\"76\">Ca \u0219i coach, nu aleg \u00eentre profunzimea emo\u021bional\u0103 \u0219i pa\u0219ii concre\u021bi. Le combin.Creez mai \u00eent\u00e2i spa\u021biul \u00een care po\u021bi \u00een\u021belege ce sim\u021bi, ce te blocheaz\u0103, ce tipare se repet\u0103. Explor\u0103m clar, f\u0103r\u0103 grab\u0103, pentru c\u0103 emo\u021biile nu sunt obstacole \u2014 sunt informa\u021bii. Apoi transform\u0103m aceast\u0103 claritate \u00een mi\u0219care:<br data-start=\"302\" data-end=\"305\" \/>definim obiective reale, alegem pa\u0219i concre\u021bi, construim planuri de ac\u021biune care au sens pentru tine. Pentru mine, coachingul \u00eenseamn\u0103 echilibru \u00eentre<br data-start=\"456\" data-end=\"459\" \/>profunzimea interioar\u0103 \u0219i schimbarea vizibil\u0103 \u00een via\u021ba de zi cu zi. Nu este doar despre a te sim\u021bi mai bine. Este despre a g\u00e2ndi, decide \u0219i ac\u021biona diferit.<\/p>\n<p>[\/vc_column_text][\/vc_column][\/vc_row][vc_row][vc_column][vc_empty_space][\/vc_column][\/vc_row]<\/p>\n<\/div>","protected":false},"excerpt":{"rendered":"<p>[vc_row fullwidth=&#8221;yes&#8221;][vc_column][\/vc_column][\/vc_row][vc_row css=&#8221;.vc_custom_1495700887685{padding-top: 90px !important;padding-bottom: 60px !important;}&#8221;][vc_column animate=&#8221;fadeinup&#8221;][\/vc_column][vc_column width=&#8221;1\/3&#8243; animate=&#8221;fadeinleft&#8221;][vc_column_text css=&#8221;.vc_custom_1771774898915{margin-bottom: 30px !important;}&#8221;] Povestea mea autentic\u0103 nu \u00eencepe cu titluri sau certific\u0103ri, ci cu \u00eentreb\u0103ri. Cu momente \u00een care am sim\u021bit c\u0103, de\u0219i \u201etotul era \u00een regul\u0103\u201d, ceva nu era a\u0219ezat \u00een interiorul meu. Cu perioade de c\u0103utare, de confuzie, de reconstruc\u021bie. Am \u00eenv\u0103\u021bat pe [&hellip;]<\/p>\n","protected":false},"author":1,"featured_media":0,"parent":0,"menu_order":0,"comment_status":"closed","ping_status":"closed","template":"page-templates\/template-canvas.php","meta":{"footnotes":""},"class_list":["post-1041","page","type-page","status-publish","hentry"],"_links":{"self":[{"href":"https:\/\/training.binario.ro\/index.php\/wp-json\/wp\/v2\/pages\/1041","targetHints":{"allow":["GET"]}}],"collection":[{"href":"https:\/\/training.binario.ro\/index.php\/wp-json\/wp\/v2\/pages"}],"about":[{"href":"https:\/\/training.binario.ro\/index.php\/wp-json\/wp\/v2\/types\/page"}],"author":[{"embeddable":true,"href":"https:\/\/training.binario.ro\/index.php\/wp-json\/wp\/v2\/users\/1"}],"replies":[{"embeddable":true,"href":"https:\/\/training.binario.ro\/index.php\/wp-json\/wp\/v2\/comments?post=1041"}],"version-history":[{"count":8,"href":"https:\/\/training.binario.ro\/index.php\/wp-json\/wp\/v2\/pages\/1041\/revisions"}],"predecessor-version":[{"id":1489,"href":"https:\/\/training.binario.ro\/index.php\/wp-json\/wp\/v2\/pages\/1041\/revisions\/1489"}],"wp:attachment":[{"href":"https:\/\/training.binario.ro\/index.php\/wp-json\/wp\/v2\/media?parent=1041"}],"curies":[{"name":"wp","href":"https:\/\/api.w.org\/{rel}","templated":true}]}}