{"id":1162,"date":"2017-03-02T08:04:40","date_gmt":"2017-03-02T08:04:40","guid":{"rendered":"http:\/\/demo.oceanthemes.net\/archi\/version-light\/?page_id=1162"},"modified":"2026-02-22T16:52:07","modified_gmt":"2026-02-22T16:52:07","slug":"home-profession-light","status":"publish","type":"page","link":"https:\/\/training.binario.ro\/","title":{"rendered":"Home Profession Light"},"content":{"rendered":"<div class=\"wpb-content-wrapper\"><p>[vc_row archi_parallax=&#8221;yes&#8221; el_class=&#8221;full-height&#8221; css=&#8221;.vc_custom_1771779126061{padding-top: 90px !important;padding-bottom: 90px !important;background-image: url(https:\/\/training.binario.ro\/wp-content\/uploads\/2026\/02\/Andreea-georgescu-coach-2.jpg?id=1408) !important;}&#8221;][vc_column]\t\n\t<!-- Element: OT Home Profession -->\n\t<div class=\"center-y\">\t\t\n\t\t\t\t    <h2 class=\"style-3\"  >Andreea Georgescu<b>.<\/b><\/h2>\t\t\t\t\t    \n\t    \t    \t\t    <div class=\"teaser-text-2\"  >Ghid & Coach <b> pentru reconectare <\/b> cu sine<\/div>\t\n\t\t    <div class=\"spacer-double\"><\/div>\t\t\t\t    \n\t    \t    <a href=\"http:\/\/demo.oceanthemes.net\/archi\/contact\/\" title=\"Contacteaz\u0103-m\u0103\" target=\"_self\" class=\"btn btn-line-black btn-big scroll-to\">Contacteaz\u0103-m\u0103<\/a>\t\t\t\n\t<\/div>\n   \n[\/vc_column][\/vc_row][vc_row css=&#8221;.vc_custom_1486529460632{padding-top: 90px !important;padding-bottom: 60px !important;}&#8221;][vc_column width=&#8221;1\/3&#8243; animate=&#8221;fadeinup&#8221; delay=&#8221;0.4&#8243; duration=&#8221;1&#8243; offset=&#8221;vc_col-md-offset-5 vc_col-md-2 vc_col-sm-offset-4&#8243;] \t<!-- Element: OT Simple Slider -->\n    <div class=\"simple__slider\">\n                    <img decoding=\"async\" src=\"https:\/\/training.binario.ro\/wp-content\/uploads\/2026\/02\/logo.jpg\" alt=\"logo\" class=\"img-circle img-responsive\">\n            <\/div>    \n[\/vc_column][\/vc_row][vc_row css=&#8221;.vc_custom_1486529525981{padding-bottom: 90px !important;}&#8221;][vc_column animate=&#8221;fadeinup&#8221; delay=&#8221;0.6&#8243; duration=&#8221;1.2&#8243; offset=&#8221;vc_col-md-offset-3 vc_col-md-6&#8243;]\n\t<!-- Element: OT Heading --> \t \n\t<h4 class=\"ot_custom_heading  \" style=\"text-align: center;\" >\u00centoarce-te la tine<\/h4>\t\n\t<!-- Element: OT Line solid --> \t \n\t<div class=\" separator \"><span><i class=\"fa fa-circle\"><\/i><\/span><\/div>\n\t<div class=\"spacer-single\"><\/div>\t      \n[vc_column_text css=&#8221;.vc_custom_1771751709628{margin-bottom: 20px !important;padding-bottom: 0px !important;}&#8221; el_class=&#8221;text-center&#8221;]Coach pentru oameni con\u0219tien\u021bi care \u00ee\u0219i doresc autenticitate \u0219i autocunoa\u0219tere, combin\u00e2nd introspec\u021bia profund\u0103 cu pa\u0219i concre\u021bi pentru a-\u0219i alinia via\u021ba cu cine sunt cu adev\u0103rat.<\/p>\n<p>[\/vc_column_text][vc_single_image image=&#8221;1416&#8243; img_size=&#8221;full&#8221; alignment=&#8221;center&#8221; css=&#8221;.vc_custom_1771749140905{margin-bottom: 0px !important;padding-bottom: 0px !important;}&#8221;][\/vc_column][\/vc_row][vc_row css=&#8221;.vc_custom_1771749896414{padding-top: 90px !important;padding-bottom: 90px !important;background-image: url(https:\/\/training.binario.ro\/wp-content\/uploads\/2026\/02\/interior-1.jpg?id=1424) !important;}&#8221; el_class=&#8221;bg-fixed&#8221;][vc_column]\n\t<!-- Element: OT Heading --> \t \n\t<h1 class=\"ot_custom_heading  \" style=\"text-align: center;\" ><a href=\"https:\/\/training.binario.ro\/index.php\/despre\/\" title=\"\" target=\"_self\">Despre mine<\/a><\/h1>\t\n\t<!-- Element: OT Line solid --> \t \n\t<div class=\" separator \"><span><i class=\"fa fa-circle\"><\/i><\/span><\/div>\n\t<div class=\"spacer-single\"><\/div>\t      \n[\/vc_column][vc_column offset=&#8221;vc_col-md-offset-3 vc_col-md-6&#8243; el_class=&#8221;text-dark&#8221;]\t<!-- Element: OT Profile Experiences -->\n\t<div class=\"timeline exp\">\n\t\t\t\n\t        <div class=\"tl-block wow fadeInUp\" data-wow-delay=\"0\">\n\t            <div class=\"tl-time\">\n\t                <h4>1.<\/h4>\n\t            <\/div>\n\t            <div class=\"tl-bar\">\n\t                <div class=\"tl-line\"><\/div>\n\t            <\/div>\n\t            <div class=\"tl-message\">\n\t                <div class=\"tl-icon\">&nbsp;<\/div>\n\t                <div class=\"tl-main\">\n\t                    <h4 class=\"id-color\">Povestea autentic\u0103<\/h4>\n\t                    Povestea mea autentic\u0103 nu \u00eencepe cu titluri sau certific\u0103ri, ci cu \u00eentreb\u0103ri.\t                <\/div>\n\t            <\/div>\n\t        <\/div>\n        \t\n\t        <div class=\"tl-block wow fadeInUp\" data-wow-delay=\"3\">\n\t            <div class=\"tl-time\">\n\t                <h4>2.<\/h4>\n\t            <\/div>\n\t            <div class=\"tl-bar\">\n\t                <div class=\"tl-line\"><\/div>\n\t            <\/div>\n\t            <div class=\"tl-message\">\n\t                <div class=\"tl-icon\">&nbsp;<\/div>\n\t                <div class=\"tl-main\">\n\t                    <h4 class=\"id-color\">Ce am \u00eenv\u0103\u021bat<\/h4>\n\t                    Ce am \u00eenv\u0103\u021bat \u0219i cum aplic aceast\u0103 experien\u021b\u0103 \u00een coaching\t                <\/div>\n\t            <\/div>\n\t        <\/div>\n        \t\n\t        <div class=\"tl-block wow fadeInUp\" data-wow-delay=\"6\">\n\t            <div class=\"tl-time\">\n\t                <h4>3.<\/h4>\n\t            <\/div>\n\t            <div class=\"tl-bar\">\n\t                <div class=\"tl-line\"><\/div>\n\t            <\/div>\n\t            <div class=\"tl-message\">\n\t                <div class=\"tl-icon\">&nbsp;<\/div>\n\t                <div class=\"tl-main\">\n\t                    <h4 class=\"id-color\">Cum combin <\/h4>\n\t                    Cum combin profunzimea emo\u021bional\u0103 cu pa\u0219i concre\u021bi\t                <\/div>\n\t            <\/div>\n\t        <\/div>\n          \n    <\/div>  \n[\/vc_column][\/vc_row][vc_row css=&#8221;.vc_custom_1486542466296{padding-top: 90px !important;padding-bottom: 90px !important;}&#8221;][vc_column animate=&#8221;fadeinup&#8221; el_class=&#8221;dark&#8221;]\n\t<!-- Element: OT Heading --> \t \n\t<h1 class=\"ot_custom_heading  \" style=\"text-align: center;\" >Servicii<\/h1>\t\n\t<!-- Element: OT Line solid --> \t \n\t<div class=\" separator \"><span><i class=\"fa fa-circle\"><\/i><\/span><\/div>\n\t<div class=\"spacer-single\"><\/div>\t      \n\n\t<!-- Element: OT Process -->\n    <div class=\"de_tab tab_steps tab_2  \">\n        <ul class=\"de_nav process-circle-textonly\">\n\t        \t            <li class=\"active wow fadeIn \" data-wow-delay=\"0.4s\">\n\t            \t<span class=\"content-mid\">\n\t            \t\t<div class=\"inner\">\t\t\n\t            \t\t\tCoaching 1:1\t            \t\t<\/div>\n\t            \t<\/span>\t\t        \n\t\t            <div class=\"v-border\"><\/div>\n\t            <\/li>\n\t            \n\t        \t            <li class=\" wow fadeIn \" data-wow-delay=\"0.8s\">\n\t            \t<span class=\"content-mid\">\n\t            \t\t<div class=\"inner\">\t\t\n\t            \t\t\tAteliere\t            \t\t<\/div>\n\t            \t<\/span>\t\t        \n\t\t            <div class=\"v-border\"><\/div>\n\t            <\/li>\n\t            \n\t                <\/ul>\n\n        <div class=\"de_tab_content\">\n\t        \t            <div id=\"tab-615\" class=\"de_tab_content_inner\">\n\t                <p>Sesiuni de 60 min<br \/>\nOnline sau fa\u021b\u0103 \u00een fa\u021b\u0103<br \/>\nConcentrare pe claritate, autenticitate \u0219i pa\u0219i concre\u021bi<br \/>\nPachete: 4 sau 8 sesiuni<\/p>\n\t            <\/div>\n\t        \t            <div id=\"tab-616\" class=\"de_tab_content_inner\">\n\t                <p>Grupuri mici<br \/>\nFocus pe autocunoa\u0219tere \u0219i aliniere cu valorile personale<\/p>\n\t            <\/div>\n\t                <\/div>\n    <\/div>\n\n[\/vc_column][\/vc_row][vc_row css=&#8221;.vc_custom_1495619964642{padding-top: 90px !important;padding-bottom: 90px !important;background-image: url(https:\/\/training.binario.ro\/wp-content\/uploads\/2017\/03\/bg-18.jpg?id=1170) !important;}&#8221; el_class=&#8221;no-bg-fixed2 text-dark&#8221;][vc_column width=&#8221;1\/4&#8243; animate=&#8221;fadein&#8221;]\t<!-- Element: OT Our Facts -->\n\t<div class=\"de_count \">\n                <h3 class=\"timer\" data-to=\"1362\" data-speed=\"2500\">0<\/h3>\n        <span>Ore de coach<\/span>\n    <\/div>\n\n[\/vc_column][vc_column width=&#8221;1\/4&#8243; animate=&#8221;fadein&#8221;]\t<!-- Element: OT Our Facts -->\n\t<div class=\"de_count \">\n                <h3 class=\"timer\" data-to=\"35\" data-speed=\"2500\">0<\/h3>\n        <span>Proiecte finalizate<\/span>\n    <\/div>\n\n[\/vc_column][vc_column width=&#8221;1\/4&#8243; animate=&#8221;fadein&#8221;]\t<!-- Element: OT Our Facts -->\n\t<div class=\"de_count \">\n                <h3 class=\"timer\" data-to=\"6\" data-speed=\"2500\">0<\/h3>\n        <span>Ateliere \u00een lucru<\/span>\n    <\/div>\n\n[\/vc_column][vc_column width=&#8221;1\/4&#8243; animate=&#8221;fadein&#8221;]\t<!-- Element: OT Our Facts -->\n\t<div class=\"de_count \">\n                <h3 class=\"timer\" data-to=\"2\" data-speed=\"2500\">0<\/h3>\n        <span>Training corporate<\/span>\n    <\/div>\n\n[\/vc_column][\/vc_row][vc_row el_class=&#8221;call-to-action bg-color text-dark&#8221; css=&#8221;.vc_custom_1486537535644{padding-top: 20px !important;padding-bottom: 40px !important;}&#8221;][vc_column width=&#8221;2\/3&#8243;][vc_column_text css=&#8221;.vc_custom_1771750554616{margin-bottom: 0px !important;padding-bottom: 0px !important;}&#8221;]<\/p>\n<h2>Programeaz\u0103 o sesiune de claritate gratuit\u0103<\/h2>\n<p>[\/vc_column_text][\/vc_column][vc_column width=&#8221;1\/3&#8243;]\t\t\t\n\t<!-- Element: OT Button --> \n\t\t\t<a href=\"http:\/\/demo.archiwp.com\/light-version\/contact\/\" target=\"_self\" class=\"btn btn-line-black btn-big vc_custom_1771750565181 \">Contact<\/a>\n\t    \n[\/vc_column][\/vc_row]<\/p>\n<\/div>","protected":false},"excerpt":{"rendered":"<p>[vc_row archi_parallax=&#8221;yes&#8221; el_class=&#8221;full-height&#8221; css=&#8221;.vc_custom_1771779126061{padding-top: 90px !important;padding-bottom: 90px !important;background-image: url(https:\/\/training.binario.ro\/wp-content\/uploads\/2026\/02\/Andreea-georgescu-coach-2.jpg?id=1408) !important;}&#8221;][vc_column][\/vc_column][\/vc_row][vc_row css=&#8221;.vc_custom_1486529460632{padding-top: 90px !important;padding-bottom: 60px !important;}&#8221;][vc_column width=&#8221;1\/3&#8243; animate=&#8221;fadeinup&#8221; delay=&#8221;0.4&#8243; duration=&#8221;1&#8243; offset=&#8221;vc_col-md-offset-5 vc_col-md-2 vc_col-sm-offset-4&#8243;][\/vc_column][\/vc_row][vc_row css=&#8221;.vc_custom_1486529525981{padding-bottom: 90px !important;}&#8221;][vc_column animate=&#8221;fadeinup&#8221; delay=&#8221;0.6&#8243; duration=&#8221;1.2&#8243; offset=&#8221;vc_col-md-offset-3 vc_col-md-6&#8243;][vc_column_text css=&#8221;.vc_custom_1771751709628{margin-bottom: 20px !important;padding-bottom: 0px !important;}&#8221; el_class=&#8221;text-center&#8221;]Coach pentru oameni con\u0219tien\u021bi care \u00ee\u0219i doresc autenticitate \u0219i autocunoa\u0219tere, combin\u00e2nd introspec\u021bia profund\u0103 cu pa\u0219i concre\u021bi pentru a-\u0219i alinia via\u021ba [&hellip;]<\/p>\n","protected":false},"author":1,"featured_media":0,"parent":0,"menu_order":0,"comment_status":"closed","ping_status":"closed","template":"page-templates\/template-canvas.php","meta":{"footnotes":""},"class_list":["post-1162","page","type-page","status-publish","hentry"],"_links":{"self":[{"href":"https:\/\/training.binario.ro\/index.php\/wp-json\/wp\/v2\/pages\/1162","targetHints":{"allow":["GET"]}}],"collection":[{"href":"https:\/\/training.binario.ro\/index.php\/wp-json\/wp\/v2\/pages"}],"about":[{"href":"https:\/\/training.binario.ro\/index.php\/wp-json\/wp\/v2\/types\/page"}],"author":[{"embeddable":true,"href":"https:\/\/training.binario.ro\/index.php\/wp-json\/wp\/v2\/users\/1"}],"replies":[{"embeddable":true,"href":"https:\/\/training.binario.ro\/index.php\/wp-json\/wp\/v2\/comments?post=1162"}],"version-history":[{"count":30,"href":"https:\/\/training.binario.ro\/index.php\/wp-json\/wp\/v2\/pages\/1162\/revisions"}],"predecessor-version":[{"id":1490,"href":"https:\/\/training.binario.ro\/index.php\/wp-json\/wp\/v2\/pages\/1162\/revisions\/1490"}],"wp:attachment":[{"href":"https:\/\/training.binario.ro\/index.php\/wp-json\/wp\/v2\/media?parent=1162"}],"curies":[{"name":"wp","href":"https:\/\/api.w.org\/{rel}","templated":true}]}}