{"id":141,"date":"2015-07-24T03:26:17","date_gmt":"2015-07-24T03:26:17","guid":{"rendered":"http:\/\/demo.vegatheme.com\/archilight\/?page_id=141"},"modified":"2015-07-24T03:26:17","modified_gmt":"2015-07-24T03:26:17","slug":"homepage-slider","status":"publish","type":"page","link":"https:\/\/training.binario.ro\/index.php\/homepage-slider\/","title":{"rendered":"Home"},"content":{"rendered":"<div class=\"wpb-content-wrapper\"><p>[vc_row fullwidth=&#8221;yes&#8221;][vc_column]<script>console.log(\": Slider with alias homelight not found.\")<\/script>\n[\/vc_column][\/vc_row][vc_row css=&#8221;.vc_custom_1495530476030{padding-top: 90px !important;padding-bottom: 60px !important;}&#8221;][vc_column animate=&#8221;fadeinup&#8221;]\n\t<!-- Element: OT Heading --> \t \n\t<h1 class=\"ot_custom_heading  \" style=\"text-align: center;\" >What We Do<\/h1>\t\n\t<!-- Element: OT Line solid --> \t \n\t<div class=\" separator \"><span><i class=\"fa fa-circle\"><\/i><\/span><\/div>\n\t<div class=\"spacer-single\"><\/div>\t      \n[\/vc_column][vc_column width=&#8221;1\/3&#8243; animate=&#8221;fadeinleft&#8221;]\n\t<!-- Element: OT Heading --> \t \n\t<h3 class=\"ot_custom_heading  \" style=\"\" ><b>Residential<\/b> Design<\/h3>\t\n[vc_column_text css=&#8221;.vc_custom_1437708758726{margin-bottom: 30px !important;}&#8221;]Sed ut perspiciatis unde omnis iste natus error sit voluptatem accusantium doloremque laudantium, totam rem aperiam, eaque ipsa quae ab illo inventore veritatis et quasi architecto beatae vitae dicta sunt explicabo. Nemo enim ipsam voluptatem quia voluptas sit aspernatur aut odit aut fugit, sed quia[\/vc_column_text][vc_single_image image=&#8221;565&#8243; img_size=&#8221;full&#8221;][\/vc_column][vc_column width=&#8221;1\/3&#8243; animate=&#8221;fadeinup&#8221;]\n\t<!-- Element: OT Heading --> \t \n\t<h3 class=\"ot_custom_heading  \" style=\"\" ><b>Office <\/b> Design<\/h3>\t\n[vc_column_text css=&#8221;.vc_custom_1437708758726{margin-bottom: 30px !important;}&#8221;]Sed ut perspiciatis unde omnis iste natus error sit voluptatem accusantium doloremque laudantium, totam rem aperiam, eaque ipsa quae ab illo inventore veritatis et quasi architecto beatae vitae dicta sunt explicabo. Nemo enim ipsam voluptatem quia voluptas sit aspernatur aut odit aut fugit, sed quia[\/vc_column_text][vc_single_image image=&#8221;566&#8243; img_size=&#8221;full&#8221;][\/vc_column][vc_column width=&#8221;1\/3&#8243; animate=&#8221;fadinright&#8221;]\n\t<!-- Element: OT Heading --> \t \n\t<h3 class=\"ot_custom_heading  \" style=\"\" ><b>Commercial<\/b> Design<\/h3>\t\n[vc_column_text css=&#8221;.vc_custom_1437708758726{margin-bottom: 30px !important;}&#8221;]Sed ut perspiciatis unde omnis iste natus error sit voluptatem accusantium doloremque laudantium, totam rem aperiam, eaque ipsa quae ab illo inventore veritatis et quasi architecto beatae vitae dicta sunt explicabo. Nemo enim ipsam voluptatem quia voluptas sit aspernatur aut odit aut fugit, sed quia[\/vc_column_text][vc_single_image image=&#8221;567&#8243; img_size=&#8221;full&#8221;][\/vc_column][\/vc_row][vc_row css=&#8221;.vc_custom_1495600990831{padding-top: 90px !important;padding-bottom: 90px !important;background-image: url(https:\/\/training.binario.ro\/wp-content\/uploads\/2015\/10\/bg-2.jpg?id=826) !important;background-position: center !important;background-repeat: no-repeat !important;background-size: cover !important;}&#8221; el_class=&#8221;text-light bg-fixed&#8221;][vc_column]\n\t<!-- Element: OT Heading --> \t \n\t<h1 class=\"ot_custom_heading  \" style=\"text-align: center;color: #ffffff;\" >Our Process<\/h1>\t\n\t<!-- Element: OT Line solid --> \t \n\t<div class=\" separator \"><span><i class=\"fa fa-circle\"><\/i><\/span><\/div>\n\t<div class=\"spacer-single\"><\/div>\t      \n[\/vc_column][vc_column]\n\t<!-- Element: OT Process -->\n    <div class=\"de_tab tab_steps tab_4  \">\n        <ul class=\"de_nav process-circle-textonly\">\n\t        \t            <li class=\"active wow fadeIn \" data-wow-delay=\"0.4s\">\n\t            \t<span class=\"content-mid\">\n\t            \t\t<div class=\"inner\">\t\t\n\t            \t\t\tCoaching 1:1\t            \t\t<\/div>\n\t            \t<\/span>\t\t        \n\t\t            <div class=\"v-border\"><\/div>\n\t            <\/li>\n\t            \n\t        \t            <li class=\" wow fadeIn \" data-wow-delay=\"0.8s\">\n\t            \t<span class=\"content-mid\">\n\t            \t\t<div class=\"inner\">\t\t\n\t            \t\t\tAteliere\t            \t\t<\/div>\n\t            \t<\/span>\t\t        \n\t\t            <div class=\"v-border\"><\/div>\n\t            <\/li>\n\t            \n\t        \t            <li class=\" wow fadeIn \" data-wow-delay=\"1.2s\">\n\t            \t<span class=\"content-mid\">\n\t            \t\t<div class=\"inner\">\t\t\n\t            \t\t\tDesign &#038; Create\t            \t\t<\/div>\n\t            \t<\/span>\t\t        \n\t\t            <div class=\"v-border\"><\/div>\n\t            <\/li>\n\t            \n\t        \t            <li class=\" wow fadeIn \" data-wow-delay=\"1.6s\">\n\t            \t<span class=\"content-mid\">\n\t            \t\t<div class=\"inner\">\t\t\n\t            \t\t\tBuild &#038; Install\t            \t\t<\/div>\n\t            \t<\/span>\t\t        \n\t\t            <div class=\"v-border\"><\/div>\n\t            <\/li>\n\t            \n\t                <\/ul>\n\n        <div class=\"de_tab_content\">\n\t        \t            <div id=\"tab-615\" class=\"de_tab_content_inner\">\n\t                <p>Sesiuni de 60 min<br \/>\nOnline sau fa\u021b\u0103 \u00een fa\u021b\u0103<br \/>\nConcentrare pe claritate, autenticitate \u0219i pa\u0219i concre\u021bi<br \/>\nPachete: 4 sau 8 sesiuni<\/p>\n\t            <\/div>\n\t        \t            <div id=\"tab-616\" class=\"de_tab_content_inner\">\n\t                <p>Grupuri mici<br \/>\nFocus pe autocunoa\u0219tere \u0219i aliniere cu valorile personale<\/p>\n\t            <\/div>\n\t        \t            <div id=\"tab-617\" class=\"de_tab_content_inner\">\n\t                <p>Sed ut perspiciatis unde omnis iste natus error sit voluptatem accusantium doloremque laudantium, totam rem aperiam, eaque ipsa quae ab illo inventore veritatis et quasi architecto beatae vitae dicta sunt explicabo. Nemo enim ipsam voluptatem quia voluptas sit aspernatur aut odit aut fugit, sed quia consequuntur magni dolores eos qui ratione voluptatem sequi nesciunt. Neque porro quisquam est, qui dolorem ipsum quia dolor sit amet, consectetur, adipisci velit, sed quia non numquam eius modi tempora incidunt ut labore et dolore magnam aliquam quaerat voluptatem. Ut enim ad minima veniam.<\/p>\n\t            <\/div>\n\t        \t            <div id=\"tab-618\" class=\"de_tab_content_inner\">\n\t                <p>Sed ut perspiciatis unde omnis iste natus error sit voluptatem accusantium doloremque laudantium, totam rem aperiam, eaque ipsa quae ab illo inventore veritatis et quasi architecto beatae vitae dicta sunt explicabo. Nemo enim ipsam voluptatem quia voluptas sit aspernatur aut odit aut fugit, sed quia consequuntur magni dolores eos qui ratione voluptatem sequi nesciunt. Neque porro quisquam est, qui dolorem ipsum quia dolor sit amet, consectetur, adipisci velit, sed quia non numquam eius modi tempora incidunt ut labore et dolore magnam aliquam quaerat voluptatem. Ut enim ad minima veniam.<\/p>\n\t            <\/div>\n\t                <\/div>\n    <\/div>\n\n[\/vc_column][\/vc_row][vc_row fullwidth=&#8221;yes&#8221;][vc_column]  \n\n\t<!-- Element: OT Portfolio Filter -->\n\t<div class=\"projects-grid-wrapper\">\n\t\t\t\t\t<div class=\"container\">\n\t\t    \t<!-- portfolio filter begin -->\n\t\t\t    <div class=\"row\">\n\t\t\t        <div class=\"col-md-12 text-center\">\n\t\t\t            <ul id=\"filter\" class=\"project_filters wow fadeInUp listed_taxonomy_filters\" data-wow-delay=\"0s\">\n\t\t\t            \t<li><a href=\"#\" data-filter=\"*\" class=\"selected\">ALL PROJECT<\/a><\/li>                    \n\t\t\t                <li class=\"cate_parent\"><a href=\"#\" data-filter=\".category-34\">Commercial<\/a><\/li><li class=\"cate_parent\"><a href=\"#\" data-filter=\".category-35\">Hospitaly<\/a><\/li><li class=\"cate_parent\"><a href=\"#\" data-filter=\".category-36\">Office<\/a><\/li><li class=\"cate_parent\"><a href=\"#\" data-filter=\".category-37\">Residential<\/a><\/li>                    \n\t\t\t            <\/ul>\n\t\t\t        <\/div>\n\t\t\t    <\/div>\n\t\t    \t<!-- portfolio filter close -->\n\t\t    <\/div>\n\t    \n\t    <div class=\"projects-grid projects-load-ajax overlay_s1  pf_4_cols\" style=\"margin: -0px 0px\">\n\t    \t<div class=\"project-item-sizer\"><\/div>\n\t                     \n\t        <!-- gallery item -->\n\t        <div class=\"project-item category-34 \" style=\"padding:0px\">\n\t        \t<div class=\"projects-box\">\n\t\t\t\t\t<div class=\"projects-thumbnail\">\n\t\t\t\t\t\t<img loading=\"lazy\" decoding=\"async\" width=\"700\" height=\"466\" src=\"https:\/\/training.binario.ro\/wp-content\/uploads\/2015\/07\/pf-1.jpg\" class=\"attachment-thumb-portfolio size-thumb-portfolio wp-post-image\" alt=\"\" srcset=\"https:\/\/training.binario.ro\/wp-content\/uploads\/2015\/07\/pf-1.jpg 700w, https:\/\/training.binario.ro\/wp-content\/uploads\/2015\/07\/pf-1-600x399.jpg 600w, https:\/\/training.binario.ro\/wp-content\/uploads\/2015\/07\/pf-1-300x200.jpg 300w\" sizes=\"auto, (max-width: 700px) 100vw, 700px\" title=\"pf (1)\" \/>\t\t\t\t\t<\/div>\t\t\t\t\t\t\t\n\t\t\t\t\t<a class=\"single-ajax-popup\" href=\"https:\/\/training.binario.ro\/index.php\/portfolio\/eco-green-interior\/\">\n\t\t\t\t\t\t<span class=\"project-overlay\">\n\t\t\t\t\t\t\t<span class=\"project-name id-color\">Eco Green Interior<\/span>\t\n\t\t\t\t\t\t<\/span>\n\t\t\t\t\t<\/a>\t\n\t\t\t\t<\/div>\n\t        <\/div>        \n\t        <!-- close gallery item -->\n\t                     \n\t        <!-- gallery item -->\n\t        <div class=\"project-item category-36 \" style=\"padding:0px\">\n\t        \t<div class=\"projects-box\">\n\t\t\t\t\t<div class=\"projects-thumbnail\">\n\t\t\t\t\t\t<img loading=\"lazy\" decoding=\"async\" width=\"700\" height=\"466\" src=\"https:\/\/training.binario.ro\/wp-content\/uploads\/2015\/07\/pf-2.jpg\" class=\"attachment-thumb-portfolio size-thumb-portfolio wp-post-image\" alt=\"\" srcset=\"https:\/\/training.binario.ro\/wp-content\/uploads\/2015\/07\/pf-2.jpg 700w, https:\/\/training.binario.ro\/wp-content\/uploads\/2015\/07\/pf-2-600x399.jpg 600w, https:\/\/training.binario.ro\/wp-content\/uploads\/2015\/07\/pf-2-300x200.jpg 300w\" sizes=\"auto, (max-width: 700px) 100vw, 700px\" title=\"pf (2)\" \/>\t\t\t\t\t<\/div>\t\t\t\t\t\t\t\n\t\t\t\t\t<a class=\"single-ajax-popup\" href=\"https:\/\/training.binario.ro\/index.php\/portfolio\/modern-elegance-suite\/\">\n\t\t\t\t\t\t<span class=\"project-overlay\">\n\t\t\t\t\t\t\t<span class=\"project-name id-color\">Modern Elegance Suite<\/span>\t\n\t\t\t\t\t\t<\/span>\n\t\t\t\t\t<\/a>\t\n\t\t\t\t<\/div>\n\t        <\/div>        \n\t        <!-- close gallery item -->\n\t                     \n\t        <!-- gallery item -->\n\t        <div class=\"project-item category-35 \" style=\"padding:0px\">\n\t        \t<div class=\"projects-box\">\n\t\t\t\t\t<div class=\"projects-thumbnail\">\n\t\t\t\t\t\t<img loading=\"lazy\" decoding=\"async\" width=\"700\" height=\"466\" src=\"https:\/\/training.binario.ro\/wp-content\/uploads\/2015\/07\/pf-3.jpg\" class=\"attachment-thumb-portfolio size-thumb-portfolio wp-post-image\" alt=\"\" srcset=\"https:\/\/training.binario.ro\/wp-content\/uploads\/2015\/07\/pf-3.jpg 700w, https:\/\/training.binario.ro\/wp-content\/uploads\/2015\/07\/pf-3-600x399.jpg 600w, https:\/\/training.binario.ro\/wp-content\/uploads\/2015\/07\/pf-3-300x200.jpg 300w\" sizes=\"auto, (max-width: 700px) 100vw, 700px\" title=\"pf (3)\" \/>\t\t\t\t\t<\/div>\t\t\t\t\t\t\t\n\t\t\t\t\t<a class=\"single-ajax-popup\" href=\"https:\/\/training.binario.ro\/index.php\/portfolio\/apartment-renovation\/\">\n\t\t\t\t\t\t<span class=\"project-overlay\">\n\t\t\t\t\t\t\t<span class=\"project-name id-color\">Apartment Renovation<\/span>\t\n\t\t\t\t\t\t<\/span>\n\t\t\t\t\t<\/a>\t\n\t\t\t\t<\/div>\n\t        <\/div>        \n\t        <!-- close gallery item -->\n\t                     \n\t        <!-- gallery item -->\n\t        <div class=\"project-item category-34 \" style=\"padding:0px\">\n\t        \t<div class=\"projects-box\">\n\t\t\t\t\t<div class=\"projects-thumbnail\">\n\t\t\t\t\t\t<img loading=\"lazy\" decoding=\"async\" width=\"700\" height=\"466\" src=\"https:\/\/training.binario.ro\/wp-content\/uploads\/2015\/07\/pf-4.jpg\" class=\"attachment-thumb-portfolio size-thumb-portfolio wp-post-image\" alt=\"\" srcset=\"https:\/\/training.binario.ro\/wp-content\/uploads\/2015\/07\/pf-4.jpg 700w, https:\/\/training.binario.ro\/wp-content\/uploads\/2015\/07\/pf-4-600x399.jpg 600w, https:\/\/training.binario.ro\/wp-content\/uploads\/2015\/07\/pf-4-300x200.jpg 300w\" sizes=\"auto, (max-width: 700px) 100vw, 700px\" title=\"pf (4)\" \/>\t\t\t\t\t<\/div>\t\t\t\t\t\t\t\n\t\t\t\t\t<a class=\"single-ajax-popup\" href=\"https:\/\/training.binario.ro\/index.php\/portfolio\/youtube-video\/\">\n\t\t\t\t\t\t<span class=\"project-overlay\">\n\t\t\t\t\t\t\t<span class=\"project-name id-color\">Youtube Video<\/span>\t\n\t\t\t\t\t\t<\/span>\n\t\t\t\t\t<\/a>\t\n\t\t\t\t<\/div>\n\t        <\/div>        \n\t        <!-- close gallery item -->\n\t                     \n\t        <!-- gallery item -->\n\t        <div class=\"project-item category-37 \" style=\"padding:0px\">\n\t        \t<div class=\"projects-box\">\n\t\t\t\t\t<div class=\"projects-thumbnail\">\n\t\t\t\t\t\t<img loading=\"lazy\" decoding=\"async\" width=\"700\" height=\"466\" src=\"https:\/\/training.binario.ro\/wp-content\/uploads\/2015\/07\/pf-5.jpg\" class=\"attachment-thumb-portfolio size-thumb-portfolio wp-post-image\" alt=\"\" srcset=\"https:\/\/training.binario.ro\/wp-content\/uploads\/2015\/07\/pf-5.jpg 700w, https:\/\/training.binario.ro\/wp-content\/uploads\/2015\/07\/pf-5-600x399.jpg 600w, https:\/\/training.binario.ro\/wp-content\/uploads\/2015\/07\/pf-5-300x200.jpg 300w\" sizes=\"auto, (max-width: 700px) 100vw, 700px\" title=\"pf (5)\" \/>\t\t\t\t\t<\/div>\t\t\t\t\t\t\t\n\t\t\t\t\t<a class=\"single-ajax-popup\" href=\"https:\/\/training.binario.ro\/index.php\/portfolio\/vimeo-video\/\">\n\t\t\t\t\t\t<span class=\"project-overlay\">\n\t\t\t\t\t\t\t<span class=\"project-name id-color\">Vimeo Video<\/span>\t\n\t\t\t\t\t\t<\/span>\n\t\t\t\t\t<\/a>\t\n\t\t\t\t<\/div>\n\t        <\/div>        \n\t        <!-- close gallery item -->\n\t                     \n\t        <!-- gallery item -->\n\t        <div class=\"project-item category-35 \" style=\"padding:0px\">\n\t        \t<div class=\"projects-box\">\n\t\t\t\t\t<div class=\"projects-thumbnail\">\n\t\t\t\t\t\t<img loading=\"lazy\" decoding=\"async\" width=\"700\" height=\"466\" src=\"https:\/\/training.binario.ro\/wp-content\/uploads\/2015\/07\/pf-6.jpg\" class=\"attachment-thumb-portfolio size-thumb-portfolio wp-post-image\" alt=\"\" srcset=\"https:\/\/training.binario.ro\/wp-content\/uploads\/2015\/07\/pf-6.jpg 700w, https:\/\/training.binario.ro\/wp-content\/uploads\/2015\/07\/pf-6-600x399.jpg 600w, https:\/\/training.binario.ro\/wp-content\/uploads\/2015\/07\/pf-6-300x200.jpg 300w\" sizes=\"auto, (max-width: 700px) 100vw, 700px\" title=\"pf (6)\" \/>\t\t\t\t\t<\/div>\t\t\t\t\t\t\t\n\t\t\t\t\t<a class=\"single-ajax-popup\" href=\"https:\/\/training.binario.ro\/index.php\/portfolio\/restaurant-in-texas\/\">\n\t\t\t\t\t\t<span class=\"project-overlay\">\n\t\t\t\t\t\t\t<span class=\"project-name id-color\">Restaurant In Texas<\/span>\t\n\t\t\t\t\t\t<\/span>\n\t\t\t\t\t<\/a>\t\n\t\t\t\t<\/div>\n\t        <\/div>        \n\t        <!-- close gallery item -->\n\t                     \n\t        <!-- gallery item -->\n\t        <div class=\"project-item category-36 \" style=\"padding:0px\">\n\t        \t<div class=\"projects-box\">\n\t\t\t\t\t<div class=\"projects-thumbnail\">\n\t\t\t\t\t\t<img loading=\"lazy\" decoding=\"async\" width=\"700\" height=\"466\" src=\"https:\/\/training.binario.ro\/wp-content\/uploads\/2015\/07\/pf-7.jpg\" class=\"attachment-thumb-portfolio size-thumb-portfolio wp-post-image\" alt=\"\" srcset=\"https:\/\/training.binario.ro\/wp-content\/uploads\/2015\/07\/pf-7.jpg 700w, https:\/\/training.binario.ro\/wp-content\/uploads\/2015\/07\/pf-7-600x399.jpg 600w, https:\/\/training.binario.ro\/wp-content\/uploads\/2015\/07\/pf-7-300x200.jpg 300w\" sizes=\"auto, (max-width: 700px) 100vw, 700px\" title=\"pf (7)\" \/>\t\t\t\t\t<\/div>\t\t\t\t\t\t\t\n\t\t\t\t\t<a class=\"single-ajax-popup\" href=\"https:\/\/training.binario.ro\/index.php\/portfolio\/summer-house\/\">\n\t\t\t\t\t\t<span class=\"project-overlay\">\n\t\t\t\t\t\t\t<span class=\"project-name id-color\">Summer House<\/span>\t\n\t\t\t\t\t\t<\/span>\n\t\t\t\t\t<\/a>\t\n\t\t\t\t<\/div>\n\t        <\/div>        \n\t        <!-- close gallery item -->\n\t                     \n\t        <!-- gallery item -->\n\t        <div class=\"project-item category-37 \" style=\"padding:0px\">\n\t        \t<div class=\"projects-box\">\n\t\t\t\t\t<div class=\"projects-thumbnail\">\n\t\t\t\t\t\t<img loading=\"lazy\" decoding=\"async\" width=\"700\" height=\"466\" src=\"https:\/\/training.binario.ro\/wp-content\/uploads\/2015\/07\/pf-8.jpg\" class=\"attachment-thumb-portfolio size-thumb-portfolio wp-post-image\" alt=\"\" srcset=\"https:\/\/training.binario.ro\/wp-content\/uploads\/2015\/07\/pf-8.jpg 700w, https:\/\/training.binario.ro\/wp-content\/uploads\/2015\/07\/pf-8-600x399.jpg 600w, https:\/\/training.binario.ro\/wp-content\/uploads\/2015\/07\/pf-8-300x200.jpg 300w\" sizes=\"auto, (max-width: 700px) 100vw, 700px\" title=\"pf (8)\" \/>\t\t\t\t\t<\/div>\t\t\t\t\t\t\t\n\t\t\t\t\t<a class=\"single-ajax-popup\" href=\"https:\/\/training.binario.ro\/index.php\/portfolio\/office-on-space\/\">\n\t\t\t\t\t\t<span class=\"project-overlay\">\n\t\t\t\t\t\t\t<span class=\"project-name id-color\">Office On Space<\/span>\t\n\t\t\t\t\t\t<\/span>\n\t\t\t\t\t<\/a>\t\n\t\t\t\t<\/div>\n\t        <\/div>        \n\t        <!-- close gallery item -->\n\t        \t    <\/div>\n\t    \t    \t<\/div>\n[\/vc_column][\/vc_row][vc_row fullwidth=&#8221;yes&#8221; css=&#8221;.vc_custom_1442204079522{padding-top: 60px !important;padding-bottom: 60px !important;}&#8221; el_class=&#8221;call-to-action bg-color text-center&#8221;][vc_column]\t\t\t\n\t<!-- Element: OT Button --> \n\t\t\t<a href=\"http:\/\/demo.archiwp.com\/light-version\/projects\/\" target=\"_self\" class=\"btn btn-line-black btn-big  \">VIEW ALL PROJECT<\/a>\n\t    \n[\/vc_column][\/vc_row][vc_row css=&#8221;.vc_custom_1495601107663{padding-top: 90px !important;padding-bottom: 90px !important;background-image: url(https:\/\/training.binario.ro\/wp-content\/uploads\/2015\/10\/bg-3.jpg?id=815) !important;background-position: center !important;background-repeat: no-repeat !important;background-size: cover !important;}&#8221; el_class=&#8221;text-light bg-fixed&#8221;][vc_column]\n\t<!-- Element: OT Heading --> \t \n\t<h1 class=\"ot_custom_heading  \" style=\"text-align: center;color: #eceff3;\" >Customer Says<\/h1>\t\n\t<!-- Element: OT Line solid --> \t \n\t<div class=\" separator \"><span><i class=\"fa fa-circle\"><\/i><\/span><\/div>\n\t<div class=\"spacer-single\"><\/div>\t      \n\t<!-- Element: OT Testimonial Silder -->\t\n\t<div class=\"testimonial__carousel de_carousel wow fadeInUp\" data-wow-delay=\".3s\" data-visible=\"2\" data-autoplay=\"false\" data-autoheight=\"false\" data-speed=\"200\" data-navspeed=\"800\" data-rewinspeed=\"1000\">\n\t        <div class=\"col-md-12 item\">\n            <div class=\"de_testi\">\n                <blockquote>\n                    <p>Sesiunea de coaching a fost o experien\u021b\u0103 profund\u0103 \u0219i extrem de clarificatoare. Am reu\u0219it s\u0103 \u00eemi \u00een\u021beleg mai bine g\u00e2ndurile, emo\u021biile \u0219i blocajele care m\u0103 \u021bineau pe loc. Am plecat cu o perspectiv\u0103 nou\u0103, mai mult\u0103 \u00eencredere \u0219i pa\u0219i concre\u021bi pe care s\u0103 \u00eei aplic imediat. Un spa\u021biu sigur, empatic \u0219i profesionist, pe care \u00eel recomand cu toat\u0103 deschiderea.<\/p>\n                    <div class=\"de_testi_by no-margin\">\n\n                    \t\n\t\t\t\t\t\t<div >\n                        \tMaria, Designer                        <\/div>\n\n                    <\/div>\n                <\/blockquote>\n            <\/div>\n        <\/div>\n                <div class=\"col-md-12 item\">\n            <div class=\"de_testi\">\n                <blockquote>\n                    <p>Coachingul a fost exact spa\u021biul de care aveam nevoie \u00eentr-un moment de confuzie. Prin \u00eentreb\u0103ri potrivite \u0219i ghidare bl\u00e2nd\u0103, am reu\u0219it s\u0103 \u00eemi clarific direc\u021bia \u0219i s\u0103 \u00eemi \u00een\u021beleg mai bine nevoile reale. Atmosfera a fost cald\u0103, autentic\u0103 \u0219i lipsit\u0103 de judecat\u0103. Am plecat cu mai mult\u0103 claritate, echilibru \u0219i curaj. O experien\u021b\u0103 pe care o voi continua.<\/p>\n                    <div class=\"de_testi_by no-margin\">\n\n                    \t\n\t\t\t\t\t\t<div >\n                        \tGeorge, Inginer                        <\/div>\n\n                    <\/div>\n                <\/blockquote>\n            <\/div>\n        <\/div>\n            <\/div>\n\n[\/vc_column][\/vc_row]<\/p>\n<\/div>","protected":false},"excerpt":{"rendered":"<p>[vc_row fullwidth=&#8221;yes&#8221;][vc_column][\/vc_column][\/vc_row][vc_row css=&#8221;.vc_custom_1495530476030{padding-top: 90px !important;padding-bottom: 60px !important;}&#8221;][vc_column animate=&#8221;fadeinup&#8221;][\/vc_column][vc_column width=&#8221;1\/3&#8243; animate=&#8221;fadeinleft&#8221;][vc_column_text css=&#8221;.vc_custom_1437708758726{margin-bottom: 30px !important;}&#8221;]Sed ut perspiciatis unde omnis iste natus error sit voluptatem accusantium doloremque laudantium, totam rem aperiam, eaque ipsa quae ab illo inventore veritatis et quasi architecto beatae vitae dicta sunt explicabo. Nemo enim ipsam voluptatem quia voluptas sit aspernatur aut odit aut fugit, [&hellip;]<\/p>\n","protected":false},"author":1,"featured_media":0,"parent":0,"menu_order":0,"comment_status":"open","ping_status":"open","template":"page-templates\/template-canvas.php","meta":{"footnotes":""},"class_list":["post-141","page","type-page","status-publish","hentry"],"_links":{"self":[{"href":"https:\/\/training.binario.ro\/index.php\/wp-json\/wp\/v2\/pages\/141","targetHints":{"allow":["GET"]}}],"collection":[{"href":"https:\/\/training.binario.ro\/index.php\/wp-json\/wp\/v2\/pages"}],"about":[{"href":"https:\/\/training.binario.ro\/index.php\/wp-json\/wp\/v2\/types\/page"}],"author":[{"embeddable":true,"href":"https:\/\/training.binario.ro\/index.php\/wp-json\/wp\/v2\/users\/1"}],"replies":[{"embeddable":true,"href":"https:\/\/training.binario.ro\/index.php\/wp-json\/wp\/v2\/comments?post=141"}],"version-history":[{"count":0,"href":"https:\/\/training.binario.ro\/index.php\/wp-json\/wp\/v2\/pages\/141\/revisions"}],"wp:attachment":[{"href":"https:\/\/training.binario.ro\/index.php\/wp-json\/wp\/v2\/media?parent=141"}],"curies":[{"name":"wp","href":"https:\/\/api.w.org\/{rel}","templated":true}]}}