{"id":1452,"date":"2026-02-22T11:32:17","date_gmt":"2026-02-22T11:32:17","guid":{"rendered":"https:\/\/training.binario.ro\/?page_id=1452"},"modified":"2026-02-22T12:10:48","modified_gmt":"2026-02-22T12:10:48","slug":"ateliere","status":"publish","type":"page","link":"https:\/\/training.binario.ro\/index.php\/ateliere\/","title":{"rendered":"Ateliere"},"content":{"rendered":"<div class=\"wpb-content-wrapper\"><p>[vc_row fullwidth=&#8221;yes&#8221; css=&#8221;.vc_custom_1474447018555{background-position: 0 0 !important;background-repeat: no-repeat !important;}&#8221; el_class=&#8221;side-bg no-padding&#8221;][vc_column]\t<!-- Element: OT Quick Office -->\n\t<div class=\"side-bg\">\n\n\t\t<div class=\"image-container hidden-xs pull-right right0 col-md-5 col-md-offset-7\" style=\"background-image:url(https:\/\/training.binario.ro\/wp-content\/uploads\/2026\/02\/coach-scaled.jpg); ?>\" data-delay=\"0\"><\/div>\n\n\t\t<!-- Added this code in 26\/03\/2019 -->\n\t\t<img decoding=\"async\" class=\"visible-xs img-responsive\" src=\"https:\/\/training.binario.ro\/wp-content\/uploads\/2026\/02\/coach-scaled.jpg\" \/>\n\n        <div class=\"container\">\n            <div class=\"row\">\n                <div class=\"inner-padding\">\n                    <div class=\"col-md-6 wow fadeInLeft\" data-wow-delay=\".2s\">\n                        <h2>Ateliere<\/h2><br\/>\n                        <\/p>\n<h2 data-start=\"72\" data-end=\"142\">Ateliere de dezvoltare personal\u0103 \u2013 Spa\u021biu de explorare \u0219i conexiune<\/h2>\n<p data-start=\"144\" data-end=\"390\">Atelierele sunt experien\u021be interactive create pentru cei care \u00ee\u0219i doresc mai mult\u0103 claritate, echilibru \u0219i \u00een\u021belegere de sine. Ele ofer\u0103 un cadru sigur \u00een care po\u021bi reflecta, explora \u0219i \u00eenv\u0103\u021ba al\u0103turi de oameni care se afl\u0103 \u00een c\u0103l\u0103torii similare.<\/p>\n<p data-start=\"392\" data-end=\"480\">Participarea la un atelier nu \u00eenseamn\u0103 doar informa\u021bie, ci transformare prin experien\u021b\u0103.<\/p>\n<hr data-start=\"482\" data-end=\"485\" \/>\n<h2 data-start=\"487\" data-end=\"521\">De ce ateliere \u00een grupuri mici?<\/h2>\n<p data-start=\"523\" data-end=\"602\">Lucrul \u00een <strong data-start=\"533\" data-end=\"554\">grupuri restr\u00e2nse<\/strong> creeaz\u0103 un mediu intim, autentic \u0219i sus\u021bin\u0103tor.<\/p>\n<p data-start=\"604\" data-end=\"756\">\u2728 Mai mult spa\u021biu pentru fiecare participant<br data-start=\"648\" data-end=\"651\" \/>\u2728 Interac\u021biuni reale \u0219i profunde<br data-start=\"683\" data-end=\"686\" \/>\u2728 Posibilitatea de a fi v\u0103zut(\u0103) \u0219i auzit(\u0103)<br data-start=\"730\" data-end=\"733\" \/>\u2728 Conexiuni autentice<\/p>\n<p data-start=\"758\" data-end=\"833\">Grupurile mici permit o experien\u021b\u0103 personalizat\u0103 \u0219i o dinamic\u0103 echilibrat\u0103.<\/p>\n<hr data-start=\"835\" data-end=\"838\" \/>\n<h2 data-start=\"840\" data-end=\"862\">Focusul atelierelor<\/h2>\n<h3 data-start=\"864\" data-end=\"887\">\ud83c\udf3f Autocunoa\u0219tere<\/h3>\n<p data-start=\"888\" data-end=\"1001\">Explor\u0103m cine e\u0219ti dincolo de roluri, etichete \u0219i a\u0219tept\u0103ri. Descoperim tipare, convingeri \u0219i resurse interioare.<\/p>\n<h3 data-start=\"1003\" data-end=\"1042\">\ud83d\udc9b Aliniere cu valorile personale<\/h3>\n<p data-start=\"1043\" data-end=\"1151\">Clarific\u0103m ce este cu adev\u0103rat important pentru tine \u0219i cum po\u021bi construi o via\u021b\u0103 \u00een acord cu aceste valori.<\/p>\n<hr data-start=\"1153\" data-end=\"1156\" \/>\n<h2 data-start=\"1158\" data-end=\"1197\">Ce po\u021bi experimenta \u00eentr-un atelier?<\/h2>\n<p data-start=\"1199\" data-end=\"1380\">\u2714 exerci\u021bii de reflec\u021bie ghidat\u0103<br data-start=\"1231\" data-end=\"1234\" \/>\u2714 discu\u021bii \u0219i insight-uri valoroase<br data-start=\"1269\" data-end=\"1272\" \/>\u2714 instrumente practice de con\u0219tientizare<br data-start=\"1312\" data-end=\"1315\" \/>\u2714 momente de claritate \u0219i revela\u021bie<br data-start=\"1350\" data-end=\"1353\" \/>\u2714 sus\u021binere \u0219i inspira\u021bie<\/p>\n<p data-start=\"1382\" data-end=\"1458\">Atelierele sunt construite pentru a combina introspec\u021bia cu aplicabilitatea.<\/p>\n<hr data-start=\"1460\" data-end=\"1463\" \/>\n<h2 data-start=\"1465\" data-end=\"1496\">Cui se adreseaz\u0103 atelierele?<\/h2>\n<p data-start=\"1498\" data-end=\"1529\">Atelierele sunt potrivite dac\u0103:<\/p>\n<p data-start=\"1531\" data-end=\"1751\">\u2728 sim\u021bi nevoia de reconectare cu tine<br data-start=\"1568\" data-end=\"1571\" \/>\u2728 vrei mai mult\u0103 claritate \u00een via\u021ba ta<br data-start=\"1609\" data-end=\"1612\" \/>\u2728 \u00ee\u021bi dore\u0219ti s\u0103 \u00een\u021belegi mai bine ce te motiveaz\u0103<br data-start=\"1662\" data-end=\"1665\" \/>\u2728 te afli \u00eentr-o perioad\u0103 de schimbare<br data-start=\"1703\" data-end=\"1706\" \/>\u2728 vrei s\u0103 evoluezi \u00eentr-un mediu sus\u021bin\u0103tor<\/p>\n<p data-start=\"1753\" data-end=\"1811\">Nu este nevoie de experien\u021b\u0103 anterioar\u0103 \u2013 doar deschidere.<\/p>\n<p>                    <\/div>\n                    <div class=\"clearfix\"><\/div>\n                <\/div>\n            <\/div>\n        <\/div>\n\t<\/div>\n\n[\/vc_column][\/vc_row][vc_row][vc_column][vc_empty_space][\/vc_column][\/vc_row][vc_row css=&#8221;.vc_custom_1495705952142{padding-top: 90px !important;padding-bottom: 90px !important;background-image: url(https:\/\/training.binario.ro\/wp-content\/uploads\/2015\/10\/bg-3.jpg?id=815) !important;background-position: center !important;background-repeat: no-repeat !important;background-size: cover !important;}&#8221; el_class=&#8221;text-light bg-fixed&#8221;][vc_column animate=&#8221;fadeinup&#8221;]\n\t<!-- Element: OT Heading --> \t \n\t<h1 class=\"ot_custom_heading  \" style=\"text-align: center;color: #ffffff;\" >Pove\u0219ti de coach<\/h1>\t\n\t<!-- Element: OT Line solid --> \t \n\t<div class=\" separator \"><span><i class=\"fa fa-circle\"><\/i><\/span><\/div>\n\t<div class=\"spacer-single\"><\/div>\t      \n[\/vc_column][vc_column]\t<!-- Element: OT Testimonial Silder -->\t\n\t<div class=\"testimonial__carousel de_carousel wow fadeInUp\" data-wow-delay=\".3s\" data-visible=\"2\" data-autoplay=\"false\" data-autoheight=\"false\" data-speed=\"200\" data-navspeed=\"800\" data-rewinspeed=\"1000\">\n\t        <div class=\"col-md-12 item\">\n            <div class=\"de_testi\">\n                <blockquote>\n                    <p>Sesiunea de coaching a fost o experien\u021b\u0103 profund\u0103 \u0219i extrem de clarificatoare. Am reu\u0219it s\u0103 \u00eemi \u00een\u021beleg mai bine g\u00e2ndurile, emo\u021biile \u0219i blocajele care m\u0103 \u021bineau pe loc. Am plecat cu o perspectiv\u0103 nou\u0103, mai mult\u0103 \u00eencredere \u0219i pa\u0219i concre\u021bi pe care s\u0103 \u00eei aplic imediat. Un spa\u021biu sigur, empatic \u0219i profesionist, pe care \u00eel recomand cu toat\u0103 deschiderea.<\/p>\n                    <div class=\"de_testi_by no-margin\">\n\n                    \t\n\t\t\t\t\t\t<div >\n                        \tMaria, Designer                        <\/div>\n\n                    <\/div>\n                <\/blockquote>\n            <\/div>\n        <\/div>\n                <div class=\"col-md-12 item\">\n            <div class=\"de_testi\">\n                <blockquote>\n                    <p>Coachingul a fost exact spa\u021biul de care aveam nevoie \u00eentr-un moment de confuzie. Prin \u00eentreb\u0103ri potrivite \u0219i ghidare bl\u00e2nd\u0103, am reu\u0219it s\u0103 \u00eemi clarific direc\u021bia \u0219i s\u0103 \u00eemi \u00een\u021beleg mai bine nevoile reale. Atmosfera a fost cald\u0103, autentic\u0103 \u0219i lipsit\u0103 de judecat\u0103. Am plecat cu mai mult\u0103 claritate, echilibru \u0219i curaj. O experien\u021b\u0103 pe care o voi continua.<\/p>\n                    <div class=\"de_testi_by no-margin\">\n\n                    \t\n\t\t\t\t\t\t<div >\n                        \tGeorge, Inginer                        <\/div>\n\n                    <\/div>\n                <\/blockquote>\n            <\/div>\n        <\/div>\n            <\/div>\n\n[\/vc_column][\/vc_row][vc_row fullwidth=&#8221;yes&#8221; css=&#8221;.vc_custom_1442204580531{padding-top: 60px !important;padding-bottom: 60px !important;}&#8221; el_class=&#8221;call-to-action bg-color text-center&#8221;][vc_column]\t\t\t\n\t<!-- Element: OT Button --> \n\t\t\t<a href=\"http:\/\/demo.archiwp.com\/light-version\/contact\/\" target=\"_self\" class=\"btn btn-line-black btn-big  \">Contacteaz\u0103-m\u0103<\/a>\n\t    \n[\/vc_column][\/vc_row]<\/p>\n<\/div>","protected":false},"excerpt":{"rendered":"<p>[vc_row fullwidth=&#8221;yes&#8221; css=&#8221;.vc_custom_1474447018555{background-position: 0 0 !important;background-repeat: no-repeat !important;}&#8221; el_class=&#8221;side-bg no-padding&#8221;][vc_column][\/vc_column][\/vc_row][vc_row][vc_column][vc_empty_space][\/vc_column][\/vc_row][vc_row css=&#8221;.vc_custom_1495705952142{padding-top: 90px !important;padding-bottom: 90px !important;background-image: url(https:\/\/training.binario.ro\/wp-content\/uploads\/2015\/10\/bg-3.jpg?id=815) !important;background-position: center !important;background-repeat: no-repeat !important;background-size: cover !important;}&#8221; el_class=&#8221;text-light bg-fixed&#8221;][vc_column animate=&#8221;fadeinup&#8221;][\/vc_column][vc_column][\/vc_column][\/vc_row][vc_row fullwidth=&#8221;yes&#8221; css=&#8221;.vc_custom_1442204580531{padding-top: 60px !important;padding-bottom: 60px !important;}&#8221; el_class=&#8221;call-to-action bg-color text-center&#8221;][vc_column][\/vc_column][\/vc_row]<\/p>\n","protected":false},"author":1,"featured_media":0,"parent":0,"menu_order":0,"comment_status":"open","ping_status":"closed","template":"page-templates\/template-fullwidth.php","meta":{"footnotes":""},"class_list":["post-1452","page","type-page","status-publish","hentry"],"_links":{"self":[{"href":"https:\/\/training.binario.ro\/index.php\/wp-json\/wp\/v2\/pages\/1452","targetHints":{"allow":["GET"]}}],"collection":[{"href":"https:\/\/training.binario.ro\/index.php\/wp-json\/wp\/v2\/pages"}],"about":[{"href":"https:\/\/training.binario.ro\/index.php\/wp-json\/wp\/v2\/types\/page"}],"author":[{"embeddable":true,"href":"https:\/\/training.binario.ro\/index.php\/wp-json\/wp\/v2\/users\/1"}],"replies":[{"embeddable":true,"href":"https:\/\/training.binario.ro\/index.php\/wp-json\/wp\/v2\/comments?post=1452"}],"version-history":[{"count":3,"href":"https:\/\/training.binario.ro\/index.php\/wp-json\/wp\/v2\/pages\/1452\/revisions"}],"predecessor-version":[{"id":1471,"href":"https:\/\/training.binario.ro\/index.php\/wp-json\/wp\/v2\/pages\/1452\/revisions\/1471"}],"wp:attachment":[{"href":"https:\/\/training.binario.ro\/index.php\/wp-json\/wp\/v2\/media?parent=1452"}],"curies":[{"name":"wp","href":"https:\/\/api.w.org\/{rel}","templated":true}]}}